{"id":447,"date":"2024-06-17T21:35:07","date_gmt":"2024-06-17T19:35:07","guid":{"rendered":"https:\/\/michellevial-artiste.com\/?page_id=447"},"modified":"2024-06-17T21:56:47","modified_gmt":"2024-06-17T19:56:47","slug":"le-jardin-secret-80-x-80","status":"publish","type":"page","link":"https:\/\/michellevial-artiste.com\/index.php\/le-jardin-secret-80-x-80\/","title":{"rendered":"Le jardin secret 80 x 80"},"content":{"rendered":"<p>[et_pb_section fb_built=\u00a0\u00bb1&Prime; _builder_version=\u00a0\u00bb4.22.0&Prime; background_color=\u00a0\u00bbrgba(224,220,213,0.28)\u00a0\u00bb module_alignment=\u00a0\u00bbcenter\u00a0\u00bb background_last_edited=\u00a0\u00bbon|desktop\u00a0\u00bb box_shadow_style=\u00a0\u00bbpreset2&Prime; global_colors_info=\u00a0\u00bb{}\u00a0\u00bb][et_pb_row column_structure=\u00a0\u00bb2_5,3_5&Prime; _builder_version=\u00a0\u00bb4.16&Prime; background_size=\u00a0\u00bbinitial\u00a0\u00bb background_position=\u00a0\u00bbtop_left\u00a0\u00bb background_repeat=\u00a0\u00bbrepeat\u00a0\u00bb custom_margin=\u00a0\u00bb|auto||60px||\u00a0\u00bb global_colors_info=\u00a0\u00bb{}\u00a0\u00bb][et_pb_column type=\u00a0\u00bb2_5&Prime; _builder_version=\u00a0\u00bb4.16&Prime; custom_padding=\u00a0\u00bb|||\u00a0\u00bb global_colors_info=\u00a0\u00bb{}\u00a0\u00bb custom_padding__hover=\u00a0\u00bb|||\u00a0\u00bb][et_pb_text _builder_version=\u00a0\u00bb4.16&Prime; background_size=\u00a0\u00bbinitial\u00a0\u00bb background_position=\u00a0\u00bbtop_left\u00a0\u00bb background_repeat=\u00a0\u00bbrepeat\u00a0\u00bb width=\u00a0\u00bb99.9%\u00a0\u00bb custom_padding=\u00a0\u00bb|||0px||\u00a0\u00bb inline_fonts=\u00a0\u00bbMarvel,ABeeZee\u00a0\u00bb global_colors_info=\u00a0\u00bb{}\u00a0\u00bb]<\/p>\n<h1 style=\"text-align: left;\"><strong>\u00a0Le jardin secret 80 x 80<\/strong><span class=\"see-more-description__content\"><br \/><\/span><\/h1>\n<p>Ouvre la bo\u00eete dor\u00e9e<\/p>\n<p>Cach\u00e9e dans les replis<\/p>\n<p>De ton armure.<\/p>\n<p>Tu trouveras l&rsquo;histoire<\/p>\n<p>De ton Destin bien pli\u00e9e,<\/p>\n<p>Un destin \u00e0 ta mesure.<\/p>\n<p>Tu trouveras le bourgeon et le fruit,<\/p>\n<p>Et le cocon aussi.<\/p>\n<p>Tu y trouveras encore,<\/p>\n<p>Plein de joie et de fleurs,<\/p>\n<p>Une poule qui picore.<\/p>\n<p>&nbsp;<\/p>\n<h1><strong><span style=\"font-family: Marvel;\">The secret garden 80 x 80<br \/><\/span><\/strong><\/h1>\n<p>&nbsp;<\/p>\n<p>Open the golden box<\/p>\n<p>Hidden in the folds<\/p>\n<p>Of your armor.<\/p>\n<p>You will find the story<\/p>\n<p>Of your well-folded Destiny,<\/p>\n<p>A destiny tailored to you.<\/p>\n<p>You will find the bud and the fruit<\/p>\n<p>And the cocoon too,<\/p>\n<p>You will still find there,<\/p>\n<p>Full of joy and flowers,<\/p>\n<p>A hen that pecks.<\/p>\n<p>&nbsp;<\/p>\n<p><!-- \/divi:paragraph -->[\/et_pb_text][\/et_pb_column][et_pb_column type=\u00a0\u00bb3_5&Prime; _builder_version=\u00a0\u00bb4.16&Prime; custom_padding=\u00a0\u00bb|||\u00a0\u00bb global_colors_info=\u00a0\u00bb{}\u00a0\u00bb custom_padding__hover=\u00a0\u00bb|||\u00a0\u00bb][dipi_image_magnifier _builder_version=\u00a0\u00bb4.25.1&Prime; _module_preset=\u00a0\u00bbdefault\u00a0\u00bb alt=\u00a0\u00bbLe jardin secret\u00a0\u00bb title_text=\u00a0\u00bbLe jardin secret\u00a0\u00bb main_image=\u00a0\u00bbhttps:\/\/michellevial-artiste.com\/wp-content\/uploads\/2024\/06\/1718653238862-scaled.jpg\u00a0\u00bb hover_enabled=\u00a0\u00bb0&Prime; sticky_enabled=\u00a0\u00bb0&Prime;][\/dipi_image_magnifier][\/et_pb_column][\/et_pb_row][\/et_pb_section]<\/p>\n","protected":false},"excerpt":{"rendered":"<p>\u00a0Le jardin secret 80 x 80 Ouvre la bo\u00eete dor\u00e9e Cach\u00e9e dans les replis De ton armure. Tu trouveras l&rsquo;histoire De ton Destin bien pli\u00e9e, Un destin \u00e0 ta mesure. Tu trouveras le bourgeon et le fruit, Et le cocon aussi. Tu y trouveras encore, Plein de joie et de fleurs, Une poule qui picore. [&hellip;]<\/p>\n","protected":false},"author":1,"featured_media":0,"parent":0,"menu_order":0,"comment_status":"closed","ping_status":"closed","template":"","meta":{"_et_pb_use_builder":"on","_et_pb_old_content":"","_et_gb_content_width":"","footnotes":""},"dipi_cpt_category":[],"class_list":["post-447","page","type-page","status-publish","hentry"],"_links":{"self":[{"href":"https:\/\/michellevial-artiste.com\/index.php\/wp-json\/wp\/v2\/pages\/447","targetHints":{"allow":["GET"]}}],"collection":[{"href":"https:\/\/michellevial-artiste.com\/index.php\/wp-json\/wp\/v2\/pages"}],"about":[{"href":"https:\/\/michellevial-artiste.com\/index.php\/wp-json\/wp\/v2\/types\/page"}],"author":[{"embeddable":true,"href":"https:\/\/michellevial-artiste.com\/index.php\/wp-json\/wp\/v2\/users\/1"}],"replies":[{"embeddable":true,"href":"https:\/\/michellevial-artiste.com\/index.php\/wp-json\/wp\/v2\/comments?post=447"}],"version-history":[{"count":3,"href":"https:\/\/michellevial-artiste.com\/index.php\/wp-json\/wp\/v2\/pages\/447\/revisions"}],"predecessor-version":[{"id":463,"href":"https:\/\/michellevial-artiste.com\/index.php\/wp-json\/wp\/v2\/pages\/447\/revisions\/463"}],"wp:attachment":[{"href":"https:\/\/michellevial-artiste.com\/index.php\/wp-json\/wp\/v2\/media?parent=447"}],"wp:term":[{"taxonomy":"dipi_cpt_category","embeddable":true,"href":"https:\/\/michellevial-artiste.com\/index.php\/wp-json\/wp\/v2\/dipi_cpt_category?post=447"}],"curies":[{"name":"wp","href":"https:\/\/api.w.org\/{rel}","templated":true}]}}